

{"id":259,"date":"2021-01-27T16:07:46","date_gmt":"2021-01-27T16:07:46","guid":{"rendered":"https:\/\/www.publiciti.es\/ab\/?page_id=259"},"modified":"2021-01-27T16:53:16","modified_gmt":"2021-01-27T16:53:16","slug":"imprenta","status":"publish","type":"page","link":"https:\/\/www.identidadvisual.com\/ab\/imprenta\/","title":{"rendered":"IMPRENTA"},"content":{"rendered":"  <section class=\"section\" id=\"section_1766645923\">\r\n      <div class=\"bg section-bg fill bg-fill  bg-loaded\" >\r\n\r\n        \r\n        <div class=\"section-bg-overlay absolute fill\"><\/div>\r\n        \r\n        \r\n        \r\n        \r\n\t<div class=\"is-border\"\r\n\t\tstyle=\"border-width:1px 0px 1px 0px;\">\r\n\t<\/div>\r\n\r\n      <\/div><!-- .section-bg -->\r\n\r\n      <div class=\"section-content relative\">\r\n        \n<div class=\"row row-large row-full-width align-middle\"  id=\"row-1435932537\">\n<div class=\"col medium-6 small-12 large-6\"  ><div class=\"col-inner\"  >\n<p><img loading=\"lazy\" class=\"size-full wp-image-278 aligncenter\" src=\"https:\/\/www.publiciti.es\/ab\/wp-content\/uploads\/2021\/01\/Identidad-imprenta-albacete-e1571734578549.png\" alt=\"\" width=\"705\" height=\"700\" srcset=\"https:\/\/www.identidadvisual.com\/ab\/wp-content\/uploads\/2021\/01\/Identidad-imprenta-albacete-e1571734578549.png 705w, https:\/\/www.identidadvisual.com\/ab\/wp-content\/uploads\/2021\/01\/Identidad-imprenta-albacete-e1571734578549-300x298.png 300w, https:\/\/www.identidadvisual.com\/ab\/wp-content\/uploads\/2021\/01\/Identidad-imprenta-albacete-e1571734578549-150x150.png 150w, https:\/\/www.identidadvisual.com\/ab\/wp-content\/uploads\/2021\/01\/Identidad-imprenta-albacete-e1571734578549-600x596.png 600w, https:\/\/www.identidadvisual.com\/ab\/wp-content\/uploads\/2021\/01\/Identidad-imprenta-albacete-e1571734578549-100x100.png 100w\" sizes=\"(max-width: 705px) 100vw, 705px\" \/><\/p>\n    <div class=\"img has-hover x md-x lg-x y md-y lg-y\" id=\"image_520449821\">\r\n                <div class=\"img-inner box-shadow-2 dark\" >\r\n                        \r\n            <\/div>\r\n                   \n<style scope=\"scope\">\n\n<\/style>\n    <\/div>\r\n    \n<\/div><\/div>\n<div class=\"col medium-6 small-12 large-6\"  ><div class=\"col-inner text-left\"  >\n<div class=\"wpb_text_column wpb_content_element  altura2 vc_custom_1569486103867\">\n<div class=\"wpb_wrapper\">\n<div class=\"wpb_text_column wpb_content_element  altura2 vc_custom_1569486094708\">\n<div class=\"wpb_wrapper\">\n<h2><span style=\"color: #ff6600;\">Imprenta e Imprenta Digital<\/span><\/h2>\n<p>Realizamos todo tipo de impresi\u00f3n editorial, disponemos de Imprenta Offset y Digital de \u00faltima tecnolog\u00eda. Nuestro sello de identidad es la calidad de impresi\u00f3n, los colores perfectos y un acabado excepcional.<\/p>\n<div class=\"wpb_text_column wpb_content_element  altura2 vc_custom_1569486103867\">\n<div class=\"wpb_wrapper\">\n<h2><span style=\"color: #ff6600;\">Artes gr\u00e1ficas<\/span><\/h2>\n<p>Profesionales de la Imprenta y las Artes Gr\u00e1ficas con m\u00e1s de 25 a\u00f1os de experiencia: tarjetas de visita, talonarios, papeler\u00eda de empresa, formularios, carpetas, carteler\u00eda, flyers, cat\u00e1logos, revistas, libros, adhesivos, sobres, etc<\/p>\n<div class=\"wpb_text_column wpb_content_element \">\n<div class=\"wpb_wrapper\">\n<h2><span style=\"color: #ff6600;\">Cat\u00e1logos y revistas<\/span><\/h2>\n<p>Somos expertos en el dise\u00f1o e impresi\u00f3n de Cat\u00e1logos de Empresa, dossier de presentaci\u00f3n y promoci\u00f3n, d\u00edpticos y tr\u00edpticos para dar a conocer los productos o los servicios, etc\u2026<\/p>\n<div class=\"wpb_text_column wpb_content_element \">\n<div class=\"wpb_wrapper\">\n<h2><span style=\"color: #ff6600;\">Dise\u00f1os personalizados<\/span><\/h2>\n<p>Nos encanta la creatividad, tenemos un equipo humano muy cualificado y profesional, dise\u00f1amos, imprimimos y damos color a tus ideas.<\/p>\n<\/div>\n<\/div>\n<\/div>\n<\/div>\n<\/div>\n<\/div>\n<\/div>\n<\/div>\n<\/div>\n<\/div>\n<\/div><\/div>\n\n<style scope=\"scope\">\n\n<\/style>\n<\/div>\n      <\/div><!-- .section-content -->\r\n\r\n      \n<style scope=\"scope\">\n\n#section_1766645923 {\n  padding-top: 0px;\n  padding-bottom: 0px;\n  background-color: rgb(193, 193, 193);\n}\n#section_1766645923 .section-bg-overlay {\n  background-color: rgba(255, 255, 255, 0.85);\n}\n<\/style>\n  <\/section>\r\n  \n<div class=\"row row-full-width\"  id=\"row-2058107672\">\n<div class=\"col medium-3 small-12 large-3\"  ><div class=\"col-inner\"  >\n<div class=\"wpb_text_column wpb_content_element  altura2 vc_custom_1569486094708\">\n<div class=\"wpb_wrapper\">\n<div class=\"wpb_column vc_column_container vc_col-sm-3\">\n<div class=\"vc_column-inner\">\n<div class=\"wpb_wrapper\">\n<div class=\"wpb_text_column wpb_content_element \">\n<div class=\"wpb_wrapper\">\n<h3><span style=\"color: #ff6600;\">Cat\u00e1logos y revistas \/\/ Empresas<\/span><\/h3>\n<p>Tu cat\u00e1logo representa tu negocio y para nosotros es muy importante que el acabado sea de calidad e impecable. Somos especialistas en folletos y revistas, \u00a1 te ayudamos a destacar !<\/p>\n<\/div>\n<\/div>\n<\/div>\n<\/div>\n<\/div>\n<\/div>\n<\/div>\n<\/div><\/div>\n<div class=\"col medium-3 small-12 large-3\"  ><div class=\"col-inner\"  >\n<div class=\"wpb_text_column wpb_content_element  altura2 vc_custom_1569486094708\">\n<div class=\"wpb_wrapper\">\n<div class=\"wpb_text_column wpb_content_element \">\n<div class=\"wpb_wrapper\">\n<h3><span style=\"color: #ff6600;\">Tarjetas de visita \/\/ Empresas<\/span><\/h3>\n<p>Las tarjetas de visita son tu carta de presentaci\u00f3n hacia tus propios clientes. En Identidad Visual somos expertos en reflejar tu negocio en dise\u00f1o, con el mejor acabado y un precio excelente.<\/p>\n<\/div>\n<\/div>\n<\/div>\n<\/div>\n<\/div><\/div>\n<div class=\"col medium-3 small-12 large-3\"  ><div class=\"col-inner\"  >\n<div class=\"wpb_text_column wpb_content_element  altura2 vc_custom_1569486094708\">\n<div class=\"wpb_wrapper\">\n<div class=\"wpb_text_column wpb_content_element \">\n<div class=\"wpb_wrapper\">\n<h3><span style=\"color: #ff6600;\">Carteles, Flyers Publicitarios<br \/><\/span><\/h3>\n<p>La publicidad que ofrezcas es clave para alzarse con el \u00e9xito. Identidad Visual ofrece el formato que m\u00e1s se adapte a ti, tanto en peque\u00f1o como en gran formato.<\/p>\n<\/div>\n<\/div>\n<\/div>\n<\/div>\n<\/div><\/div>\n<div class=\"col medium-3 small-12 large-3\"  ><div class=\"col-inner\"  >\n<div class=\"wpb_text_column wpb_content_element  altura2 vc_custom_1569486094708\">\n<div class=\"wpb_wrapper\">\n<div class=\"wpb_text_column wpb_content_element \">\n<div class=\"wpb_wrapper\">\n<h3><span style=\"color: #ff6600;\">Autocopiativos \/\/ Encuadernaciones<\/span><\/h3>\n<p>Si necesitas cualquier tipo de libro o encuadernaci\u00f3n, Identidad Visual es tu sitio. Tienes a tu disposici\u00f3n encuadernaciones en tapa dura, con tornillo y japon\u00e9s.<\/p>\n<\/div>\n<\/div>\n<\/div>\n<\/div>\n<\/div><\/div>\n\n<style scope=\"scope\">\n\n<\/style>\n<\/div>\n","protected":false},"excerpt":{"rendered":"","protected":false},"author":1,"featured_media":0,"parent":0,"menu_order":0,"comment_status":"closed","ping_status":"closed","template":"page-blank.php","meta":[],"_links":{"self":[{"href":"https:\/\/www.identidadvisual.com\/ab\/wp-json\/wp\/v2\/pages\/259"}],"collection":[{"href":"https:\/\/www.identidadvisual.com\/ab\/wp-json\/wp\/v2\/pages"}],"about":[{"href":"https:\/\/www.identidadvisual.com\/ab\/wp-json\/wp\/v2\/types\/page"}],"author":[{"embeddable":true,"href":"https:\/\/www.identidadvisual.com\/ab\/wp-json\/wp\/v2\/users\/1"}],"replies":[{"embeddable":true,"href":"https:\/\/www.identidadvisual.com\/ab\/wp-json\/wp\/v2\/comments?post=259"}],"version-history":[{"count":12,"href":"https:\/\/www.identidadvisual.com\/ab\/wp-json\/wp\/v2\/pages\/259\/revisions"}],"predecessor-version":[{"id":288,"href":"https:\/\/www.identidadvisual.com\/ab\/wp-json\/wp\/v2\/pages\/259\/revisions\/288"}],"wp:attachment":[{"href":"https:\/\/www.identidadvisual.com\/ab\/wp-json\/wp\/v2\/media?parent=259"}],"curies":[{"name":"wp","href":"https:\/\/api.w.org\/{rel}","templated":true}]}}