

{"id":26,"date":"2021-01-26T17:27:52","date_gmt":"2021-01-26T17:27:52","guid":{"rendered":"https:\/\/www.publiciti.es\/ab\/?page_id=26"},"modified":"2021-01-27T22:01:25","modified_gmt":"2021-01-27T22:01:25","slug":"identidad-visual","status":"publish","type":"page","link":"https:\/\/www.identidadvisual.com\/ab\/identidad-visual\/","title":{"rendered":"IDENTIDAD VISUAL"},"content":{"rendered":"<div class=\"slider-wrapper relative \" id=\"slider-2091042497\" >\r\n    <div class=\"slider slider-nav-circle slider-nav-large slider-nav-light slider-style-normal\"\r\n        data-flickity-options='{\r\n            \"cellAlign\": \"center\",\r\n            \"imagesLoaded\": true,\r\n            \"lazyLoad\": 1,\r\n            \"freeScroll\": false,\r\n            \"wrapAround\": true,\r\n            \"autoPlay\": 6000,\r\n            \"pauseAutoPlayOnHover\" : true,\r\n            \"prevNextButtons\": true,\r\n            \"contain\" : true,\r\n            \"adaptiveHeight\" : true,\r\n            \"dragThreshold\" : 5,\r\n            \"percentPosition\": true,\r\n            \"pageDots\": true,\r\n            \"rightToLeft\": false,\r\n            \"draggable\": true,\r\n            \"selectedAttraction\": 0.1,\r\n            \"parallax\" : 0,\r\n            \"friction\": 0.6        }'\r\n        >\r\n        \n\r\n  <div class=\"banner has-hover\" id=\"banner-2080091364\">\r\n          <div class=\"banner-inner fill\">\r\n        <div class=\"banner-bg fill\" >\r\n            <div class=\"bg fill bg-fill \"><\/div>\r\n                                    \r\n\t<div class=\"is-border\"\r\n\t\tstyle=\"border-width:0px 0px 0px 0px;margin:0px 0px 0px 0px;\">\r\n\t<\/div>\r\n                    <\/div><!-- bg-layers -->\r\n        <div class=\"banner-layers container\">\r\n            <div class=\"fill banner-link\"><\/div>            \n   <div id=\"text-box-1241900457\" class=\"text-box banner-layer x50 md-x50 lg-x50 y50 md-y50 lg-y50 res-text\">\r\n                                <div class=\"text dark\">\r\n              \r\n              <div class=\"text-inner text-center\">\r\n                  \n<h1 style=\"text-align: left;\">IDENTIDAD VISUAL<\/h1>\n<h1 style=\"text-align: left;\">IMPORTANCIA MARCA<\/h1>\n              <\/div>\r\n           <\/div><!-- text-box-inner -->\r\n                            \n<style scope=\"scope\">\n\n#text-box-1241900457 {\n  width: 80%;\n}\n#text-box-1241900457 .text {\n  font-size: 100%;\n}\n<\/style>\n    <\/div><!-- text-box -->\r\n \n        <\/div><!-- .banner-layers -->\r\n      <\/div><!-- .banner-inner -->\r\n\r\n            \n<style scope=\"scope\">\n\n#banner-2080091364 {\n  padding-top: 400px;\n  background-color: rgb(255, 0, 0);\n}\n#banner-2080091364 .bg.bg-loaded {\n  background-image: url(https:\/\/www.identidadvisual.com\/ab\/wp-content\/uploads\/2021\/01\/cab-identidad-visual-1024x451.jpg);\n}\n<\/style>\n  <\/div><!-- .banner -->\r\n\r\n\n     <\/div>\r\n\r\n     <div class=\"loading-spin dark large centered\"><\/div>\r\n\r\n     <style scope=\"scope\">\r\n             <\/style>\r\n<\/div><!-- .ux-slider-wrapper -->\r\n\r\n\n<div class=\"row\"  id=\"row-1156536991\">\n<div class=\"col small-12 large-12\"  ><div class=\"col-inner\"  >\n<div class=\"gap-element\" style=\"display:block; height:auto; padding-top:30px\" class=\"clearfix\"><\/div>\n<p><img loading=\"lazy\" class=\"size-full wp-image-97 aligncenter\" src=\"https:\/\/www.publiciti.es\/ab\/wp-content\/uploads\/2021\/01\/identidad-visual-logo-Albacete.png\" alt=\"\" width=\"580\" height=\"80\" srcset=\"https:\/\/www.identidadvisual.com\/ab\/wp-content\/uploads\/2021\/01\/identidad-visual-logo-Albacete.png 580w, https:\/\/www.identidadvisual.com\/ab\/wp-content\/uploads\/2021\/01\/identidad-visual-logo-Albacete-300x41.png 300w\" sizes=\"(max-width: 580px) 100vw, 580px\" \/><\/p>\n<\/div><\/div>\n<\/div>\n<div class=\"row\"  id=\"row-110878389\">\n<div class=\"col medium-4 small-12 large-4\"  ><div class=\"col-inner\"  >\n<div class=\"wpb_text_column wpb_content_element \">\n<div class=\"wpb_wrapper\">\n<h1><span style=\"color: #ff6600; font-size: 140%;\">Dise\u00f1o<\/span><\/h1>\n<\/div>\n<\/div>\n<div class=\"wpb_text_column wpb_content_element \">\n<div class=\"wpb_wrapper\">\n<p><span style=\"font-size: 180%;\">Gr\u00e1fico<\/span><\/p>\n<\/div>\n<\/div>\n<div class=\"wpb_text_column wpb_content_element \">\n<div class=\"wpb_wrapper\">\n<p>Contamos con un equipo joven y altamente cualificado. Pensamos, Creamos y desarrollamos el logotipo, la imagen corporativa, Packaging, R\u00f3tulo corporativo, decoraci\u00f3n de interiores redes sociales y presencia online. Todo con una est\u00e9tica muy cuidada para generar marca desde el minuto uno. Cont\u00e1ctanos.<\/p>\n<\/div>\n<\/div>\n<\/div><\/div>\n<div class=\"col medium-4 small-12 large-4\"  ><div class=\"col-inner\"  >\n<div class=\"wpb_text_column wpb_content_element \">\n<div class=\"wpb_wrapper\">\n<h2><span style=\"color: #ff6600; font-size: 140%;\">Impresi\u00f3n<\/span><\/h2>\n<\/div>\n<\/div>\n<div class=\"wpb_text_column wpb_content_element \">\n<div class=\"wpb_wrapper\">\n<p><span style=\"font-size: 180%;\">Offset y Digital<\/span><\/p>\n<\/div>\n<\/div>\n<div class=\"wpb_text_column wpb_content_element \">\n<div class=\"wpb_wrapper\">\n<p>Disponemos de la m\u00e1s avanzada tecnolog\u00eda tanto para imprimir en offset como para imprimir en digital. Cat\u00e1logos revistas libros tarjetas flyer carpetas etiquetas formularios formato photocall Lonas vallas publicitarias rotulaci\u00f3n de interiores y exterior con vinilo y duraci\u00f3n de veh\u00edculos etc ..<\/p>\n<\/div>\n<\/div>\n<\/div><\/div>\n<div class=\"col medium-4 small-12 large-4\"  ><div class=\"col-inner\"  >\n<div class=\"wpb_text_column wpb_content_element \">\n<div class=\"wpb_wrapper\">\n<h2><span style=\"color: #ff6600;\"><span style=\"font-size: 140%;\">Dise\u00f1o Web<\/span><br \/><\/span><\/h2>\n<\/div>\n<\/div>\n<div class=\"wpb_text_column wpb_content_element \">\n<div class=\"wpb_wrapper\">\n<p><span style=\"font-size: 180%;\">y Marketing Online<\/span><\/p>\n<\/div>\n<\/div>\n<div class=\"wpb_text_column wpb_content_element \">\n<div class=\"wpb_wrapper\">\n<p>Estudiamos tus necesidades, planificamos una estrategia completaPara conseguir la mejor presencia online de tu empresa o negocio. Web corporativa pues bajo costo es de contenidos tiendas online blog estaci\u00f3n de clientes seo kpis Anal\u00edtic Marketing online.<\/p>\n<\/div>\n<\/div>\n<\/div><\/div>\n<\/div>\n\r\n  <div class=\"banner has-hover has-parallax\" id=\"banner-466705958\">\r\n          <div class=\"banner-inner fill\">\r\n        <div class=\"banner-bg fill\" data-parallax=\"-1\" data-parallax-container=\".banner\" data-parallax-background>\r\n            <div class=\"bg fill bg-fill \"><\/div>\r\n                                    \r\n\t<div class=\"is-border is-dashed\"\r\n\t\tstyle=\"border-color:rgba(255, 255, 255, 0.22);border-width:2px 0px 2px 0px;margin:10px 0px 10px 0px;\">\r\n\t<\/div>\r\n                    <\/div><!-- bg-layers -->\r\n        <div class=\"banner-layers container\">\r\n            <div class=\"fill banner-link\"><\/div>            \n   <div id=\"text-box-1531723790\" class=\"text-box banner-layer x50 md-x50 lg-x50 y50 md-y50 lg-y50 res-text\">\r\n                                <div class=\"text dark\">\r\n              \r\n              <div class=\"text-inner text-center\">\r\n                  \n<h2 class=\"uppercase\"><strong>somos profesionales,<br \/><\/strong><\/h2>\n<h3 class=\"thin-font\">en la creaci\u00f3n de <span style=\"color: #ff6600;\">imagen<\/span> y <span style=\"color: #ff6600;\">marca<\/span> para empresas.<\/h3>\n<p>\u00a0<\/p>\n<p style=\"text-align: center;\"><img loading=\"lazy\" class=\"alignnonewp-image-225\" src=\"https:\/\/www.publiciti.es\/ab\/wp-content\/uploads\/2021\/01\/identidad-visual-logo-blanco.png\" alt=\"\" width=\"351\" height=\"50\" srcset=\"https:\/\/www.identidadvisual.com\/ab\/wp-content\/uploads\/2021\/01\/identidad-visual-logo-blanco.png 568w, https:\/\/www.identidadvisual.com\/ab\/wp-content\/uploads\/2021\/01\/identidad-visual-logo-blanco-300x42.png 300w\" sizes=\"(max-width: 351px) 100vw, 351px\" \/><\/p>\n              <\/div>\r\n           <\/div><!-- text-box-inner -->\r\n                            \n<style scope=\"scope\">\n\n#text-box-1531723790 {\n  width: 87%;\n}\n#text-box-1531723790 .text {\n  font-size: 100%;\n}\n<\/style>\n    <\/div><!-- text-box -->\r\n \n        <\/div><!-- .banner-layers -->\r\n      <\/div><!-- .banner-inner -->\r\n\r\n            \n<style scope=\"scope\">\n\n#banner-466705958 {\n  padding-top: 407px;\n  background-color: rgb(0, 0, 0);\n}\n#banner-466705958 .bg.bg-loaded {\n  background-image: 8102;\n}\n#banner-466705958 .bg {\n  background-position: 79% 0%;\n}\n<\/style>\n  <\/div><!-- .banner -->\r\n\r\n\n<div class=\"row\"  id=\"row-1799188499\">\n<div class=\"col medium-6 small-12 large-6\"  ><div class=\"col-inner\"  >\n<div class=\"wpb_text_column wpb_content_element \">\n<div class=\"wpb_wrapper\">\n<div class=\"wpb_column vc_column_container vc_col-sm-6\">\n<div class=\"vc_column-inner\">\n<div class=\"wpb_wrapper\">\n<div class=\"wpb_text_column wpb_content_element \">\n<div class=\"wpb_wrapper\">\n<p><span style=\"font-size: 180%;\">Un poco<\/span><\/p>\n<\/div>\n<\/div>\n<div class=\"wpb_text_column wpb_content_element \">\n<div class=\"wpb_wrapper\">\n<h1><span style=\"font-size: 140%; color: #ff6600;\">De Nosotros<\/span><\/h1>\n<\/div>\n<\/div>\n<div class=\"wpb_text_column wpb_content_element \">\n<div class=\"wpb_wrapper\">\n<p>M\u00e1s de 25 a\u00f1os Dando color a tus ideas, a pesar de ser un equipo joven es altamente profesional y cualificado. Nos dejamos nada al azar somos una empresa 360\u00b0. Empezamos con el desarrollo del logotipo o la marca, pasamos por la impresi\u00f3n y las caracter\u00edsticas de esta, preparamos la eleccion y la gesti\u00f3n de colores, la ROTULACI\u00d3N y el packagin, Para terminar con el dise\u00f1o web, estrategias de marketing online, presencia en la redes sociales y fidelizaci\u00f3n de clientes<\/p>\n<\/div>\n<\/div>\n<\/div>\n<\/div>\n<\/div>\n<\/div>\n<\/div>\n<\/div><\/div>\n<div class=\"col medium-6 small-12 large-6\"  ><div class=\"col-inner\"  >\n<p><img loading=\"lazy\" class=\"alignnone size-full wp-image-464\" src=\"https:\/\/www.publiciti.es\/ab\/wp-content\/uploads\/2021\/01\/OFI1.jpg\" alt=\"\" width=\"600\" height=\"365\" srcset=\"https:\/\/www.identidadvisual.com\/ab\/wp-content\/uploads\/2021\/01\/OFI1.jpg 600w, https:\/\/www.identidadvisual.com\/ab\/wp-content\/uploads\/2021\/01\/OFI1-300x183.jpg 300w\" sizes=\"(max-width: 600px) 100vw, 600px\" \/><\/p>\n<\/div><\/div>\n<\/div>\n","protected":false},"excerpt":{"rendered":"","protected":false},"author":1,"featured_media":0,"parent":0,"menu_order":0,"comment_status":"closed","ping_status":"closed","template":"page-blank.php","meta":[],"_links":{"self":[{"href":"https:\/\/www.identidadvisual.com\/ab\/wp-json\/wp\/v2\/pages\/26"}],"collection":[{"href":"https:\/\/www.identidadvisual.com\/ab\/wp-json\/wp\/v2\/pages"}],"about":[{"href":"https:\/\/www.identidadvisual.com\/ab\/wp-json\/wp\/v2\/types\/page"}],"author":[{"embeddable":true,"href":"https:\/\/www.identidadvisual.com\/ab\/wp-json\/wp\/v2\/users\/1"}],"replies":[{"embeddable":true,"href":"https:\/\/www.identidadvisual.com\/ab\/wp-json\/wp\/v2\/comments?post=26"}],"version-history":[{"count":28,"href":"https:\/\/www.identidadvisual.com\/ab\/wp-json\/wp\/v2\/pages\/26\/revisions"}],"predecessor-version":[{"id":465,"href":"https:\/\/www.identidadvisual.com\/ab\/wp-json\/wp\/v2\/pages\/26\/revisions\/465"}],"wp:attachment":[{"href":"https:\/\/www.identidadvisual.com\/ab\/wp-json\/wp\/v2\/media?parent=26"}],"curies":[{"name":"wp","href":"https:\/\/api.w.org\/{rel}","templated":true}]}}