

{"id":261,"date":"2021-01-27T16:08:00","date_gmt":"2021-01-27T16:08:00","guid":{"rendered":"https:\/\/www.publiciti.es\/ab\/?page_id=261"},"modified":"2021-01-27T17:01:17","modified_gmt":"2021-01-27T17:01:17","slug":"rotulos","status":"publish","type":"page","link":"https:\/\/www.identidadvisual.com\/ab\/rotulos\/","title":{"rendered":"R\u00d3TULOS"},"content":{"rendered":"  <section class=\"section\" id=\"section_258532924\">\r\n      <div class=\"bg section-bg fill bg-fill  bg-loaded\" >\r\n\r\n        \r\n        <div class=\"section-bg-overlay absolute fill\"><\/div>\r\n        \r\n        \r\n        \r\n        \r\n\t<div class=\"is-border\"\r\n\t\tstyle=\"border-width:1px 0px 1px 0px;\">\r\n\t<\/div>\r\n\r\n      <\/div><!-- .section-bg -->\r\n\r\n      <div class=\"section-content relative\">\r\n        \n<div class=\"row row-large row-full-width align-middle\"  id=\"row-2064687305\">\n<div class=\"col medium-6 small-12 large-6\"  ><div class=\"col-inner\"  >\n<p><img loading=\"lazy\" class=\"size-full wp-image-293 aligncenter\" src=\"https:\/\/www.publiciti.es\/ab\/wp-content\/uploads\/2021\/01\/Identidad-rotulacion-vinilos-albacete-e1571753683718.png\" alt=\"\" width=\"705\" height=\"700\" srcset=\"https:\/\/www.identidadvisual.com\/ab\/wp-content\/uploads\/2021\/01\/Identidad-rotulacion-vinilos-albacete-e1571753683718.png 705w, https:\/\/www.identidadvisual.com\/ab\/wp-content\/uploads\/2021\/01\/Identidad-rotulacion-vinilos-albacete-e1571753683718-300x298.png 300w, https:\/\/www.identidadvisual.com\/ab\/wp-content\/uploads\/2021\/01\/Identidad-rotulacion-vinilos-albacete-e1571753683718-150x150.png 150w, https:\/\/www.identidadvisual.com\/ab\/wp-content\/uploads\/2021\/01\/Identidad-rotulacion-vinilos-albacete-e1571753683718-600x596.png 600w, https:\/\/www.identidadvisual.com\/ab\/wp-content\/uploads\/2021\/01\/Identidad-rotulacion-vinilos-albacete-e1571753683718-100x100.png 100w\" sizes=\"(max-width: 705px) 100vw, 705px\" \/><\/p>\n    <div class=\"img has-hover x md-x lg-x y md-y lg-y\" id=\"image_252358718\">\r\n                <div class=\"img-inner box-shadow-2 dark\" >\r\n                        \r\n            <\/div>\r\n                   \n<style scope=\"scope\">\n\n<\/style>\n    <\/div>\r\n    \n<\/div><\/div>\n<div class=\"col medium-6 small-12 large-6\"  ><div class=\"col-inner text-left\"  >\n<div class=\"wpb_text_column wpb_content_element altura2 vc_custom_1569486103867\">\n<div class=\"wpb_wrapper\">\n<div class=\"wpb_text_column wpb_content_element altura2 vc_custom_1569486094708\">\n<div class=\"wpb_wrapper\">\n<h2><span style=\"color: #ff6600;\">Vinilo Decorativo<br \/><\/span><\/h2>\n<p>Tenemos los modelos m\u00e1s exclusivos en vinilos decorativos, vinilos de corte y vinilos de impresi\u00f3n. Todos nuestros rotulos est\u00e1n impresos con tintas UVI, las de mayor duraci\u00f3n del mercado.<\/p>\n<div class=\"wpb_text_column wpb_content_element altura2 vc_custom_1569486103867\">\n<div class=\"wpb_wrapper\">\n<h2><span style=\"color: #ff6600;\">R\u00f3tulos Luminosos<br \/><\/span><\/h2>\n<div class=\"wpb_text_column wpb_content_element  altura2 vc_custom_1569491884263\">\n<div class=\"wpb_wrapper\">\n<p>Creamos un dise\u00f1o moderno y distintivo para todos tus rotulos, con los mejores materiales y las \u00faltimas tecnolog\u00edas. Tambi\u00e9n lo fabricamos, imprimimos e instalamos para que no tengas que preocuparte de nada m\u00e1s que de elegir el proyecto que te gusta.<\/p>\n<\/div>\n<\/div>\n<div class=\"wpb_text_column wpb_content_element \">\n<div class=\"wpb_wrapper\">\n<h2><span style=\"color: #ff6600;\">Impresi\u00f3n sobre r\u00edgidos<br \/><\/span><\/h2>\n<p>Imprimimos y dise\u00f1amos en todo tipo de materiales duros: placas de metraquilato, cart\u00f3n pluma (foam), pcv, cristal, madera, baldosa, acero, aluminio, lat\u00f3n\u2026 y cualquier otro material que necesites.<\/p>\n<div class=\"wpb_text_column wpb_content_element \">\n<div class=\"wpb_wrapper\">\n<h2><span style=\"color: #ff6600;\">Letras Corporeas<br \/><\/span><\/h2>\n<p>Aporta un toque diferenciador, profesional y atractivo a tu negocio. Adaptamos el dise\u00f1o a tu imagen de marca. Utilizamos los mejores materiales para garantizar la durabilidad tanto en interior como exterior.<\/p>\n<\/div>\n<\/div>\n<\/div>\n<\/div>\n<\/div>\n<\/div>\n<\/div>\n<\/div>\n<\/div>\n<\/div>\n<\/div><\/div>\n\n<style scope=\"scope\">\n\n<\/style>\n<\/div>\n      <\/div><!-- .section-content -->\r\n\r\n      \n<style scope=\"scope\">\n\n#section_258532924 {\n  padding-top: 0px;\n  padding-bottom: 0px;\n  background-color: rgb(193, 193, 193);\n}\n#section_258532924 .section-bg-overlay {\n  background-color: rgba(255, 255, 255, 0.85);\n}\n<\/style>\n  <\/section>\r\n  \n<div class=\"row row-full-width\"  id=\"row-1221587970\">\n<div class=\"col medium-3 small-12 large-3\"  ><div class=\"col-inner\"  >\n<div class=\"wpb_text_column wpb_content_element altura2 vc_custom_1569486094708\">\n<div class=\"wpb_wrapper\">\n<div class=\"wpb_column vc_column_container vc_col-sm-3\">\n<div class=\"vc_column-inner\">\n<div class=\"wpb_wrapper\">\n<div class=\"wpb_text_column wpb_content_element \">\n<div class=\"wpb_wrapper\">\n<h3><span style=\"color: #ff6600;\">R\u00f3tulos Luminosos<br \/><\/span><\/h3>\n<p>Excelente soluci\u00f3n para destacar tu fachada y generar audiencia para tu marca o producto.<\/p>\n<\/div>\n<\/div>\n<\/div>\n<\/div>\n<\/div>\n<\/div>\n<\/div>\n<\/div><\/div>\n<div class=\"col medium-3 small-12 large-3\"  ><div class=\"col-inner\"  >\n<div class=\"wpb_text_column wpb_content_element altura2 vc_custom_1569486094708\">\n<div class=\"wpb_wrapper\">\n<div class=\"wpb_text_column wpb_content_element \">\n<div class=\"wpb_wrapper\">\n<h3><span style=\"color: #ff6600;\">Letras Corporeas<br \/><\/span><\/h3>\n<p>Contamos con la \u00faltima tecnolog\u00eda en imprenta, tanto en digital como en offset para plasmar tus proyectos con la m\u00e1xima calidad. Expertos en cat\u00e1logos, carteler\u00eda, flyres, tarjetas de visitas y encuadernaciones.<\/p>\n<\/div>\n<\/div>\n<\/div>\n<\/div>\n<\/div><\/div>\n<div class=\"col medium-3 small-12 large-3\"  ><div class=\"col-inner\"  >\n<div class=\"wpb_text_column wpb_content_element altura2 vc_custom_1569486094708\">\n<div class=\"wpb_wrapper\">\n<div class=\"wpb_text_column wpb_content_element \">\n<div class=\"wpb_wrapper\">\n<h3><span style=\"color: #ff6600;\">Vinilos Decorativos<br \/><\/span><\/h3>\n<p>Todo tipo de vinilos personalizados para tu hogar o negocio. Realizamos dise\u00f1os para paredes, cristales, muebles \u2026 y toda clase de oficinas o dormitorios.<\/p>\n<\/div>\n<\/div>\n<\/div>\n<\/div>\n<\/div><\/div>\n<div class=\"col medium-3 small-12 large-3\"  ><div class=\"col-inner\"  >\n<div class=\"wpb_text_column wpb_content_element altura2 vc_custom_1569486094708\">\n<div class=\"wpb_wrapper\">\n<div class=\"wpb_text_column wpb_content_element \">\n<div class=\"wpb_wrapper\">\n<h3><span style=\"color: #ff6600;\">Decoraci\u00f3n de Interiores<br \/><\/span><\/h3>\n<p>Contamos con un completo equipo de profesionales con amplia experiencia en el sector de la decoraci\u00f3n y el dise\u00f1o, que est\u00e1n dispuestos a recrear tu ideas.<\/p>\n<\/div>\n<\/div>\n<\/div>\n<\/div>\n<\/div><\/div>\n\n<style scope=\"scope\">\n\n<\/style>\n<\/div>\n","protected":false},"excerpt":{"rendered":"","protected":false},"author":1,"featured_media":0,"parent":0,"menu_order":0,"comment_status":"closed","ping_status":"closed","template":"page-blank.php","meta":[],"_links":{"self":[{"href":"https:\/\/www.identidadvisual.com\/ab\/wp-json\/wp\/v2\/pages\/261"}],"collection":[{"href":"https:\/\/www.identidadvisual.com\/ab\/wp-json\/wp\/v2\/pages"}],"about":[{"href":"https:\/\/www.identidadvisual.com\/ab\/wp-json\/wp\/v2\/types\/page"}],"author":[{"embeddable":true,"href":"https:\/\/www.identidadvisual.com\/ab\/wp-json\/wp\/v2\/users\/1"}],"replies":[{"embeddable":true,"href":"https:\/\/www.identidadvisual.com\/ab\/wp-json\/wp\/v2\/comments?post=261"}],"version-history":[{"count":7,"href":"https:\/\/www.identidadvisual.com\/ab\/wp-json\/wp\/v2\/pages\/261\/revisions"}],"predecessor-version":[{"id":295,"href":"https:\/\/www.identidadvisual.com\/ab\/wp-json\/wp\/v2\/pages\/261\/revisions\/295"}],"wp:attachment":[{"href":"https:\/\/www.identidadvisual.com\/ab\/wp-json\/wp\/v2\/media?parent=261"}],"curies":[{"name":"wp","href":"https:\/\/api.w.org\/{rel}","templated":true}]}}