

{"id":263,"date":"2021-01-27T16:08:10","date_gmt":"2021-01-27T16:08:10","guid":{"rendered":"https:\/\/www.publiciti.es\/ab\/?page_id=263"},"modified":"2021-01-27T17:07:15","modified_gmt":"2021-01-27T17:07:15","slug":"diseno-grafico","status":"publish","type":"page","link":"https:\/\/www.identidadvisual.com\/ab\/diseno-grafico\/","title":{"rendered":"DISE\u00d1O GR\u00c1FICO"},"content":{"rendered":"  <section class=\"section\" id=\"section_1177299941\">\r\n      <div class=\"bg section-bg fill bg-fill  bg-loaded\" >\r\n\r\n        \r\n        <div class=\"section-bg-overlay absolute fill\"><\/div>\r\n        \r\n        \r\n        \r\n        \r\n\t<div class=\"is-border\"\r\n\t\tstyle=\"border-width:1px 0px 1px 0px;\">\r\n\t<\/div>\r\n\r\n      <\/div><!-- .section-bg -->\r\n\r\n      <div class=\"section-content relative\">\r\n        \n<div class=\"row row-large row-full-width align-middle\"  id=\"row-904588563\">\n<div class=\"col medium-6 small-12 large-6\"  ><div class=\"col-inner\"  >\n<p><img loading=\"lazy\" class=\"size-full wp-image-297 aligncenter\" src=\"https:\/\/www.publiciti.es\/ab\/wp-content\/uploads\/2021\/01\/Identidad-disen\u0303o-grafico-albacete-e1571734849123.png\" alt=\"\" width=\"705\" height=\"700\" srcset=\"https:\/\/www.identidadvisual.com\/ab\/wp-content\/uploads\/2021\/01\/Identidad-disen\u0303o-grafico-albacete-e1571734849123.png 705w, https:\/\/www.identidadvisual.com\/ab\/wp-content\/uploads\/2021\/01\/Identidad-disen\u0303o-grafico-albacete-e1571734849123-300x298.png 300w, https:\/\/www.identidadvisual.com\/ab\/wp-content\/uploads\/2021\/01\/Identidad-disen\u0303o-grafico-albacete-e1571734849123-150x150.png 150w, https:\/\/www.identidadvisual.com\/ab\/wp-content\/uploads\/2021\/01\/Identidad-disen\u0303o-grafico-albacete-e1571734849123-600x596.png 600w, https:\/\/www.identidadvisual.com\/ab\/wp-content\/uploads\/2021\/01\/Identidad-disen\u0303o-grafico-albacete-e1571734849123-100x100.png 100w\" sizes=\"(max-width: 705px) 100vw, 705px\" \/><\/p>\n    <div class=\"img has-hover x md-x lg-x y md-y lg-y\" id=\"image_21718853\">\r\n                <div class=\"img-inner box-shadow-2 dark\" >\r\n                        \r\n            <\/div>\r\n                   \n<style scope=\"scope\">\n\n<\/style>\n    <\/div>\r\n    \n<\/div><\/div>\n<div class=\"col medium-6 small-12 large-6\"  ><div class=\"col-inner text-left\"  >\n<div class=\"wpb_text_column wpb_content_elementaltura2 vc_custom_1569486103867\">\n<div class=\"wpb_wrapper\">\n<div class=\"wpb_text_column wpb_content_elementaltura2 vc_custom_1569486094708\">\n<div class=\"wpb_wrapper\">\n<h2><span style=\"color: #ff6600;\">Dise\u00f1o Personalizado<br \/><\/span><\/h2>\n<p>Disponemos de la \u00faltima tecnolog\u00eda para la creaci\u00f3n de tus camisetas personalizadas. Contenido de calidad y buen dise\u00f1o es la mejor combinaci\u00f3n si quieres que tu comunicaci\u00f3n visual obtenga los mejores resultados.<\/p>\n<div class=\"wpb_text_column wpb_content_elementaltura2 vc_custom_1569486103867\">\n<div class=\"wpb_wrapper\">\n<h2><span style=\"color: #ff6600;\">Tarjetas Personalizadas<br \/><\/span><\/h2>\n<p>Se tratan de un instrumento personal de branding, que se dise\u00f1an pensando para ser llamativas y originales. Un buen dise\u00f1o gr\u00e1fico, permite organizar correctamente la informaci\u00f3n que queremos comunicar seg\u00fan su importancia.<\/p>\n<div class=\"wpb_text_column wpb_content_element \">\n<div class=\"wpb_wrapper\">\n<h2><span style=\"color: #ff6600;\">Dise\u00f1o Web<br \/><\/span><\/h2>\n<p>Dise\u00f1amos tu sitio web o tienda online con las herramientas m\u00e1s avanzadas, para lograr un buen rendimiento en buscadores y que a la vez cuente con un dise\u00f1o atractivo. Los dise\u00f1os se realizan con el prop\u00f3sito de conseguir la confianza y fidelizaci\u00f3n del cliente.<\/p>\n<div class=\"wpb_text_column wpb_content_element \">\n<div class=\"wpb_wrapper\">\n<h2><span style=\"color: #ff6600;\">Carta para Restaurantes<br \/><\/span><\/h2>\n<p>Nuestra meta es la calidad de dise\u00f1o e impresi\u00f3n, que contenga unos colores n\u00edtidos y un acabado excepcional. Te permitir\u00e1 construir tu imagen de marca, mostrando tus valores y filosof\u00eda para conectar con tus clientes.<\/p>\n<\/div>\n<\/div>\n<\/div>\n<\/div>\n<\/div>\n<\/div>\n<\/div>\n<\/div>\n<\/div>\n<\/div>\n<\/div><\/div>\n\n<style scope=\"scope\">\n\n<\/style>\n<\/div>\n      <\/div><!-- .section-content -->\r\n\r\n      \n<style scope=\"scope\">\n\n#section_1177299941 {\n  padding-top: 0px;\n  padding-bottom: 0px;\n  background-color: rgb(193, 193, 193);\n}\n#section_1177299941 .section-bg-overlay {\n  background-color: rgba(255, 255, 255, 0.85);\n}\n<\/style>\n  <\/section>\r\n  \n<div class=\"row row-full-width\"  id=\"row-225102898\">\n<div class=\"col medium-3 small-12 large-3\"  ><div class=\"col-inner\"  >\n<div class=\"wpb_text_column wpb_content_elementaltura2 vc_custom_1569486094708\">\n<div class=\"wpb_wrapper\">\n<div class=\"wpb_column vc_column_container vc_col-sm-3\">\n<div class=\"vc_column-inner\">\n<div class=\"wpb_wrapper\">\n<div class=\"wpb_text_column wpb_content_element \">\n<div class=\"wpb_wrapper\">\n<h3><span style=\"color: #ff6600;\">Logotipo y Calendarios \/\/ Empresa<br \/><\/span><\/h3>\n<p>Mediante un dise\u00f1o e imagen profesional, se consigue proyectar esos mismos valores hacia los clientes.<\/p>\n<\/div>\n<\/div>\n<\/div>\n<\/div>\n<\/div>\n<\/div>\n<\/div>\n<\/div><\/div>\n<div class=\"col medium-3 small-12 large-3\"  ><div class=\"col-inner\"  >\n<div class=\"wpb_text_column wpb_content_elementaltura2 vc_custom_1569486094708\">\n<div class=\"wpb_wrapper\">\n<div class=\"wpb_text_column wpb_content_element \">\n<div class=\"wpb_wrapper\">\n<h3><span style=\"color: #ff6600;\">Dossiers de Presentaci\u00f3n<br \/><\/span><\/h3>\n<p>El atractivo visual muchas veces lo es todo. Los consumidores tienen cada ves mayores nociones en lo relativo a dise\u00f1o y comunicaci\u00f3n visual, y sabr\u00e1n apreciar la calidad de un buen dise\u00f1o.<\/p>\n<\/div>\n<\/div>\n<\/div>\n<\/div>\n<\/div><\/div>\n<div class=\"col medium-3 small-12 large-3\"  ><div class=\"col-inner\"  >\n<div class=\"wpb_text_column wpb_content_elementaltura2 vc_custom_1569486094708\">\n<div class=\"wpb_wrapper\">\n<div class=\"wpb_text_column wpb_content_element \">\n<div class=\"wpb_wrapper\">\n<h3><span style=\"color: #ff6600;\">Photocalls<br \/><\/span><\/h3>\n<p>Para eventos y fiestas, son ideales para promocionar tu empresa de una manera profesional, o conseguir un bonito y original recuerdo de tus celebraciones.<\/p>\n<\/div>\n<\/div>\n<\/div>\n<\/div>\n<\/div><\/div>\n<div class=\"col medium-3 small-12 large-3\"  ><div class=\"col-inner\"  >\n<div class=\"wpb_text_column wpb_content_elementaltura2 vc_custom_1569486094708\">\n<div class=\"wpb_wrapper\">\n<div class=\"wpb_text_column wpb_content_element \">\n<div class=\"wpb_wrapper\">\n<h3><span style=\"color: #ff6600;\">Carteles, Lienzos Decorativos<\/span><\/h3>\n<p>Mediante un dise\u00f1o que se vea visualmente impactante y atractivo, numerosos clientes potenciales se sentir\u00e1n, al menos, interesados en conocer tu negocio.<\/p>\n<\/div>\n<\/div>\n<\/div>\n<\/div>\n<\/div><\/div>\n\n<style scope=\"scope\">\n\n<\/style>\n<\/div>\n","protected":false},"excerpt":{"rendered":"","protected":false},"author":1,"featured_media":0,"parent":0,"menu_order":0,"comment_status":"closed","ping_status":"closed","template":"page-blank.php","meta":[],"_links":{"self":[{"href":"https:\/\/www.identidadvisual.com\/ab\/wp-json\/wp\/v2\/pages\/263"}],"collection":[{"href":"https:\/\/www.identidadvisual.com\/ab\/wp-json\/wp\/v2\/pages"}],"about":[{"href":"https:\/\/www.identidadvisual.com\/ab\/wp-json\/wp\/v2\/types\/page"}],"author":[{"embeddable":true,"href":"https:\/\/www.identidadvisual.com\/ab\/wp-json\/wp\/v2\/users\/1"}],"replies":[{"embeddable":true,"href":"https:\/\/www.identidadvisual.com\/ab\/wp-json\/wp\/v2\/comments?post=263"}],"version-history":[{"count":5,"href":"https:\/\/www.identidadvisual.com\/ab\/wp-json\/wp\/v2\/pages\/263\/revisions"}],"predecessor-version":[{"id":300,"href":"https:\/\/www.identidadvisual.com\/ab\/wp-json\/wp\/v2\/pages\/263\/revisions\/300"}],"wp:attachment":[{"href":"https:\/\/www.identidadvisual.com\/ab\/wp-json\/wp\/v2\/media?parent=263"}],"curies":[{"name":"wp","href":"https:\/\/api.w.org\/{rel}","templated":true}]}}