

{"id":265,"date":"2021-01-27T16:08:22","date_gmt":"2021-01-27T16:08:22","guid":{"rendered":"https:\/\/www.publiciti.es\/ab\/?page_id=265"},"modified":"2021-01-27T17:24:34","modified_gmt":"2021-01-27T17:24:34","slug":"publicidad","status":"publish","type":"page","link":"https:\/\/www.identidadvisual.com\/ab\/publicidad\/","title":{"rendered":"PUBLICIDAD"},"content":{"rendered":"  <section class=\"section\" id=\"section_1881015221\">\r\n      <div class=\"bg section-bg fill bg-fill  bg-loaded\" >\r\n\r\n        \r\n        <div class=\"section-bg-overlay absolute fill\"><\/div>\r\n        \r\n        \r\n        \r\n        \r\n\t<div class=\"is-border\"\r\n\t\tstyle=\"border-width:1px 0px 1px 0px;\">\r\n\t<\/div>\r\n\r\n      <\/div><!-- .section-bg -->\r\n\r\n      <div class=\"section-content relative\">\r\n        \n<div class=\"row row-large row-full-width align-middle\"  id=\"row-481214427\">\n<div class=\"col medium-6 small-12 large-6\"  ><div class=\"col-inner\"  >\n<p><img loading=\"lazy\" class=\"size-full wp-image-302 aligncenter\" src=\"https:\/\/www.publiciti.es\/ab\/wp-content\/uploads\/2021\/01\/Identidad-publicidad-albacete-e1571735102507.png\" alt=\"\" width=\"705\" height=\"700\" srcset=\"https:\/\/www.identidadvisual.com\/ab\/wp-content\/uploads\/2021\/01\/Identidad-publicidad-albacete-e1571735102507.png 705w, https:\/\/www.identidadvisual.com\/ab\/wp-content\/uploads\/2021\/01\/Identidad-publicidad-albacete-e1571735102507-300x298.png 300w, https:\/\/www.identidadvisual.com\/ab\/wp-content\/uploads\/2021\/01\/Identidad-publicidad-albacete-e1571735102507-150x150.png 150w, https:\/\/www.identidadvisual.com\/ab\/wp-content\/uploads\/2021\/01\/Identidad-publicidad-albacete-e1571735102507-600x596.png 600w, https:\/\/www.identidadvisual.com\/ab\/wp-content\/uploads\/2021\/01\/Identidad-publicidad-albacete-e1571735102507-100x100.png 100w\" sizes=\"(max-width: 705px) 100vw, 705px\" \/><\/p>\n    <div class=\"img has-hover x md-x lg-x y md-y lg-y\" id=\"image_122428873\">\r\n                <div class=\"img-inner box-shadow-2 dark\" >\r\n                        \r\n            <\/div>\r\n                   \n<style scope=\"scope\">\n\n<\/style>\n    <\/div>\r\n    \n<\/div><\/div>\n<div class=\"col medium-6 small-12 large-6\"  ><div class=\"col-inner text-left\"  >\n<div class=\"wpb_text_column wpb_content_elementaltura2 vc_custom_1569486103867\">\n<div class=\"wpb_wrapper\">\n<div class=\"wpb_text_column wpb_content_elementaltura2 vc_custom_1569486094708\">\n<div class=\"wpb_wrapper\">\n<h2>\u00a0<\/h2>\n<h2><span style=\"color: #ff6600;\">Branding<\/span><\/h2>\n<p>La publicidad es una excelente herramienta para mejorar el branding de nuestra empresa. La decisi\u00f3n de compra tiene un 70% de condicionante emocional, y solo un 30% de racional. Si logramos<strong> fortalecer nuestra im\u00e1gen de marca<\/strong>, llegando a las emociones del consumidor, estaremos aumentando las posibilidades de venta.<\/p>\n<div class=\"wpb_text_column wpb_content_elementaltura2 vc_custom_1569486103867\">\n<div class=\"wpb_wrapper\">\n<h2><span style=\"color: #ff6600;\">Regalos Publicitarios<br \/><\/span><\/h2>\n<div class=\"wpb_text_column wpb_content_elementaltura2 vc_custom_1569493347150\">\n<div class=\"wpb_wrapper\">\n<p>La publicidad mediante regalos publicitarios<strong> permite que las personas conozcan y reconozcan tu negocio.<\/strong> Estos regalos permiten a los consumidores conocer de la existencia de los productos y servicios que ofrece la empresa, y son un excelente medio para apoyar a la venta personal. Estos pueden servir para <strong>abrir las puertas de los clientes a los vendedores<\/strong> y hacer que el posible consumidor se familiarice con el negocio.<\/p>\n<\/div>\n<\/div>\n<div class=\"wpb_text_column wpb_content_element \">\n<div class=\"wpb_wrapper\">\n<h2><span style=\"color: #ff6600;\">Packaging<\/span><\/h2>\n<p>Un buen dise\u00f1o de packaging nos puede traer varias ventajas, como son <strong>atraer la atenci\u00f3n e inter\u00e9s del consumidor<\/strong> (y por tanto la intenci\u00f3n de compra). Mejora tambi\u00e9n la<strong> identificaci\u00f3n de nuestra empresa y sus productos<\/strong>. Tambi\u00e9n puede aumentar el valor percibido por los clientes, y por tanto, estar\u00e1n dispuestos a pagar m\u00e1s.<\/p>\n<div class=\"wpb_text_column wpb_content_element \">\n<div class=\"wpb_wrapper\">\n<h2><span style=\"color: #ff6600;\">Regalos Personalizados<br \/><\/span><\/h2>\n<p>Nos encargamos de <strong>darle forma y dise\u00f1o a tus ideas<\/strong>, para que puedas sorprender a las personas que te importan, o hacer realidad una idea sobre decoraci\u00f3n que hace tiempo que te ronda la cabeza. Los regalos personalizados <strong>son \u00fanicos y desprenden originalidad.<\/strong><\/p>\n<\/div>\n<\/div>\n<\/div>\n<\/div>\n<\/div>\n<\/div>\n<\/div>\n<\/div>\n<\/div>\n<\/div>\n<\/div><\/div>\n\n<style scope=\"scope\">\n\n<\/style>\n<\/div>\n      <\/div><!-- .section-content -->\r\n\r\n      \n<style scope=\"scope\">\n\n#section_1881015221 {\n  padding-top: 0px;\n  padding-bottom: 0px;\n  background-color: rgb(193, 193, 193);\n}\n#section_1881015221 .section-bg-overlay {\n  background-color: rgba(255, 255, 255, 0.85);\n}\n<\/style>\n  <\/section>\r\n  \n<div class=\"row row-full-width\"  id=\"row-578796204\">\n<div class=\"col medium-3 small-12 large-3\"  ><div class=\"col-inner\"  >\n<div class=\"wpb_text_column wpb_content_elementaltura2 vc_custom_1569486094708\">\n<div class=\"wpb_wrapper\">\n<div class=\"wpb_column vc_column_container vc_col-sm-3\">\n<div class=\"vc_column-inner\">\n<div class=\"wpb_wrapper\">\n<div class=\"wpb_text_column wpb_content_element \">\n<div class=\"wpb_wrapper\">\n<h3><span style=\"color: #ff6600;\">Lienzo sobre Bastidor<br \/><\/span><\/h3>\n<p>Una opci\u00f3n econ\u00f3mica para la decoraci\u00f3n de una casa o empresa. El sistema de colgado f\u00e1cil, le permitir\u00e1 cambiar su ubicaci\u00f3n cuando gustes sin dificultad.<\/p>\n<\/div>\n<\/div>\n<\/div>\n<\/div>\n<\/div>\n<\/div>\n<\/div>\n<\/div><\/div>\n<div class=\"col medium-3 small-12 large-3\"  ><div class=\"col-inner\"  >\n<div class=\"wpb_text_column wpb_content_elementaltura2 vc_custom_1569486094708\">\n<div class=\"wpb_wrapper\">\n<div class=\"wpb_text_column wpb_content_element \">\n<div class=\"wpb_wrapper\">\n<h3><span style=\"color: #ff6600;\">Feria y Eventos<br \/><\/span><\/h3>\n<p>Realizamos todo el material necesario para la promoci\u00f3n de tu empresa, como carteles, dosieres, folletos, pegatinas, posters, etc \u2026<\/p>\n<\/div>\n<\/div>\n<\/div>\n<\/div>\n<\/div><\/div>\n<div class=\"col medium-3 small-12 large-3\"  ><div class=\"col-inner\"  >\n<div class=\"wpb_text_column wpb_content_elementaltura2 vc_custom_1569486094708\">\n<div class=\"wpb_wrapper\">\n<div class=\"wpb_text_column wpb_content_element \">\n<div class=\"wpb_wrapper\">\n<h3><span style=\"color: #ff6600;\">Soporte para Stand de Ferias<br \/><\/span><\/h3>\n<p>Para eventos y fiestas, son ideales para promocionar tu empresa de una manera profesional, y conseguir la atenci\u00f3n y las miradas del p\u00fablico. Te permitir\u00e1n destacar entre la multitud.<\/p>\n<\/div>\n<\/div>\n<\/div>\n<\/div>\n<\/div><\/div>\n<div class=\"col medium-3 small-12 large-3\"  ><div class=\"col-inner\"  >\n<div class=\"wpb_text_column wpb_content_elementaltura2 vc_custom_1569486094708\">\n<div class=\"wpb_wrapper\">\n<div class=\"wpb_text_column wpb_content_element \">\n<div class=\"wpb_wrapper\">\n<h3><span style=\"color: #ff6600;\">Lonas Publicitarias<br \/><\/span><\/h3>\n<p>Con un dise\u00f1o impactante y vistoso, multitud de clientes sentir\u00e1n curiosidad por tu negocio.<\/p>\n<\/div>\n<\/div>\n<\/div>\n<\/div>\n<\/div><\/div>\n\n<style scope=\"scope\">\n\n<\/style>\n<\/div>\n","protected":false},"excerpt":{"rendered":"","protected":false},"author":1,"featured_media":0,"parent":0,"menu_order":0,"comment_status":"closed","ping_status":"closed","template":"page-blank.php","meta":[],"_links":{"self":[{"href":"https:\/\/www.identidadvisual.com\/ab\/wp-json\/wp\/v2\/pages\/265"}],"collection":[{"href":"https:\/\/www.identidadvisual.com\/ab\/wp-json\/wp\/v2\/pages"}],"about":[{"href":"https:\/\/www.identidadvisual.com\/ab\/wp-json\/wp\/v2\/types\/page"}],"author":[{"embeddable":true,"href":"https:\/\/www.identidadvisual.com\/ab\/wp-json\/wp\/v2\/users\/1"}],"replies":[{"embeddable":true,"href":"https:\/\/www.identidadvisual.com\/ab\/wp-json\/wp\/v2\/comments?post=265"}],"version-history":[{"count":5,"href":"https:\/\/www.identidadvisual.com\/ab\/wp-json\/wp\/v2\/pages\/265\/revisions"}],"predecessor-version":[{"id":315,"href":"https:\/\/www.identidadvisual.com\/ab\/wp-json\/wp\/v2\/pages\/265\/revisions\/315"}],"wp:attachment":[{"href":"https:\/\/www.identidadvisual.com\/ab\/wp-json\/wp\/v2\/media?parent=265"}],"curies":[{"name":"wp","href":"https:\/\/api.w.org\/{rel}","templated":true}]}}