

{"id":269,"date":"2021-01-27T16:08:43","date_gmt":"2021-01-27T16:08:43","guid":{"rendered":"https:\/\/www.publiciti.es\/ab\/?page_id=269"},"modified":"2021-01-27T17:19:56","modified_gmt":"2021-01-27T17:19:56","slug":"marketing-online","status":"publish","type":"page","link":"https:\/\/www.identidadvisual.com\/ab\/marketing-online\/","title":{"rendered":"MARKETING ONLINE"},"content":{"rendered":"  <section class=\"section\" id=\"section_2120218122\">\r\n      <div class=\"bg section-bg fill bg-fill  bg-loaded\" >\r\n\r\n        \r\n        <div class=\"section-bg-overlay absolute fill\"><\/div>\r\n        \r\n        \r\n        \r\n        \r\n\t<div class=\"is-border\"\r\n\t\tstyle=\"border-width:1px 0px 1px 0px;\">\r\n\t<\/div>\r\n\r\n      <\/div><!-- .section-bg -->\r\n\r\n      <div class=\"section-content relative\">\r\n        \n<div class=\"row row-large row-full-width align-middle\"  id=\"row-1090856254\">\n<div class=\"col medium-6 small-12 large-6\"  ><div class=\"col-inner\"  >\n<p><img loading=\"lazy\" class=\"size-full wp-image-309 aligncenter\" src=\"https:\/\/www.publiciti.es\/ab\/wp-content\/uploads\/2021\/01\/Identidad-marketing-online-albacete-e1571753421328.png\" alt=\"\" width=\"705\" height=\"700\" srcset=\"https:\/\/www.identidadvisual.com\/ab\/wp-content\/uploads\/2021\/01\/Identidad-marketing-online-albacete-e1571753421328.png 705w, https:\/\/www.identidadvisual.com\/ab\/wp-content\/uploads\/2021\/01\/Identidad-marketing-online-albacete-e1571753421328-300x298.png 300w, https:\/\/www.identidadvisual.com\/ab\/wp-content\/uploads\/2021\/01\/Identidad-marketing-online-albacete-e1571753421328-150x150.png 150w, https:\/\/www.identidadvisual.com\/ab\/wp-content\/uploads\/2021\/01\/Identidad-marketing-online-albacete-e1571753421328-600x596.png 600w, https:\/\/www.identidadvisual.com\/ab\/wp-content\/uploads\/2021\/01\/Identidad-marketing-online-albacete-e1571753421328-100x100.png 100w\" sizes=\"(max-width: 705px) 100vw, 705px\" \/><\/p>\n    <div class=\"img has-hover x md-x lg-x y md-y lg-y\" id=\"image_1582657001\">\r\n                <div class=\"img-inner box-shadow-2 dark\" >\r\n                        \r\n            <\/div>\r\n                   \n<style scope=\"scope\">\n\n<\/style>\n    <\/div>\r\n    \n<\/div><\/div>\n<div class=\"col medium-6 small-12 large-6\"  ><div class=\"col-inner text-left\"  >\n<div class=\"wpb_text_column wpb_content_elementaltura2 vc_custom_1569486103867\">\n<div class=\"wpb_wrapper\">\n<div class=\"wpb_text_column wpb_content_elementaltura2 vc_custom_1569486094708\">\n<div class=\"wpb_wrapper\">\n<h2>\u00a0<\/h2>\n<h2><span style=\"color: #ff6600;\">Marketing online \/ offline<\/span><\/h2>\n<div class=\"wpb_text_column wpb_content_element  altura2 vc_custom_1569510934679\">\n<div class=\"wpb_wrapper\">\n<p>Asesoramiento, seguimiento y creaci\u00f3n de estrategias publicitarias y comerciales (SEO) tanto fuera como dentro del universo digital.<br \/>Buscamos, a trav\u00e9s de diversas acciones adaptadas a ti, que tu servicio, marca, o empresa sean identificadas y consumidas por tus potenciales clientes. As\u00ed mismo, con estas estrategias tambi\u00e9n perseguimos que logres afianzarte en el mercado y sigas creciendo. Mejoramos la <strong>visibilidad de tu sitio web<\/strong><\/p>\n<\/div>\n<\/div>\n<div class=\"wpb_text_column wpb_content_elementaltura2 vc_custom_1569486103867\">\n<div class=\"wpb_wrapper\">\n<h2><span style=\"color: #ff6600;\">Acciones de SEO \/ SEM<br \/><\/span><\/h2>\n<p>Mejoramos la <strong>visibilidad de tu sitio web<\/strong> optimizando el posicionamiento del mismo en motores de b\u00fasqueda y su calidad interna. <strong>Categorizamos tu p\u00e1gina web<\/strong> con el empleo de meta etiquetas, mejoramos el sitemap y personalizamos tu p\u00e1gina de error para que, hasta en los momentos de fallo no pierdas la conexi\u00f3n con tus usuarios.<\/p>\n<div class=\"wpb_text_column wpb_content_element \">\n<div class=\"wpb_wrapper\">\n<h2><span style=\"color: #ff6600;\">Asesoramiento Web<br \/><\/span><\/h2>\n<div class=\"wpb_text_column wpb_content_element  altura2 vc_custom_1569510402000\">\n<div class=\"wpb_wrapper\">\n<p>Incorporaci\u00f3n de herramientas de anal\u00edtica web para conocer mejor a los usuarios de tu portal. De esta forma, comprenderemos qui\u00e9nes son, qu\u00e9 buscan, qu\u00e9 podemos ofrecerles y, as\u00ed, garantizar que se cumplan sus expectativas\u2026 Con ello, concretaremos las acciones que deben llevarse a cabo para sacar el m\u00e1ximo partido.<\/p>\n<\/div>\n<\/div>\n<div class=\"wpb_text_column wpb_content_element \">\n<div class=\"wpb_wrapper\">\n<h2><span style=\"color: #ff6600;\">Gesti\u00f3n de Redes Sociales<br \/><\/span><\/h2>\n<p>Analizamos la mejor forma para comunicarte con tu p\u00fablico objetivo. Adaptamos las publicaciones a las diferentes redes sociales y <strong>creamos una estrategia<\/strong> a seguir para llegar al mayor n\u00famero de personas posible de forma eficaz.<\/p>\n<\/div>\n<\/div>\n<\/div>\n<\/div>\n<\/div>\n<\/div>\n<\/div>\n<\/div>\n<\/div>\n<\/div>\n<\/div><\/div>\n\n<style scope=\"scope\">\n\n<\/style>\n<\/div>\n      <\/div><!-- .section-content -->\r\n\r\n      \n<style scope=\"scope\">\n\n#section_2120218122 {\n  padding-top: 0px;\n  padding-bottom: 0px;\n  background-color: rgb(193, 193, 193);\n}\n#section_2120218122 .section-bg-overlay {\n  background-color: rgba(255, 255, 255, 0.85);\n}\n<\/style>\n  <\/section>\r\n  \n","protected":false},"excerpt":{"rendered":"","protected":false},"author":1,"featured_media":0,"parent":0,"menu_order":0,"comment_status":"closed","ping_status":"closed","template":"page-blank.php","meta":[],"_links":{"self":[{"href":"https:\/\/www.identidadvisual.com\/ab\/wp-json\/wp\/v2\/pages\/269"}],"collection":[{"href":"https:\/\/www.identidadvisual.com\/ab\/wp-json\/wp\/v2\/pages"}],"about":[{"href":"https:\/\/www.identidadvisual.com\/ab\/wp-json\/wp\/v2\/types\/page"}],"author":[{"embeddable":true,"href":"https:\/\/www.identidadvisual.com\/ab\/wp-json\/wp\/v2\/users\/1"}],"replies":[{"embeddable":true,"href":"https:\/\/www.identidadvisual.com\/ab\/wp-json\/wp\/v2\/comments?post=269"}],"version-history":[{"count":5,"href":"https:\/\/www.identidadvisual.com\/ab\/wp-json\/wp\/v2\/pages\/269\/revisions"}],"predecessor-version":[{"id":312,"href":"https:\/\/www.identidadvisual.com\/ab\/wp-json\/wp\/v2\/pages\/269\/revisions\/312"}],"wp:attachment":[{"href":"https:\/\/www.identidadvisual.com\/ab\/wp-json\/wp\/v2\/media?parent=269"}],"curies":[{"name":"wp","href":"https:\/\/api.w.org\/{rel}","templated":true}]}}