

{"id":28,"date":"2021-01-26T17:28:07","date_gmt":"2021-01-26T17:28:07","guid":{"rendered":"https:\/\/www.publiciti.es\/ab\/?page_id=28"},"modified":"2021-01-27T22:16:18","modified_gmt":"2021-01-27T22:16:18","slug":"asi-trabajamos","status":"publish","type":"page","link":"https:\/\/www.identidadvisual.com\/ab\/asi-trabajamos\/","title":{"rendered":"AS\u00cd TRABAJAMOS"},"content":{"rendered":"<div class=\"slider-wrapper relative \" id=\"slider-658497014\" >\r\n    <div class=\"slider slider-nav-circle slider-nav-large slider-nav-light slider-style-normal\"\r\n        data-flickity-options='{\r\n            \"cellAlign\": \"center\",\r\n            \"imagesLoaded\": true,\r\n            \"lazyLoad\": 1,\r\n            \"freeScroll\": false,\r\n            \"wrapAround\": true,\r\n            \"autoPlay\": 6000,\r\n            \"pauseAutoPlayOnHover\" : true,\r\n            \"prevNextButtons\": true,\r\n            \"contain\" : true,\r\n            \"adaptiveHeight\" : true,\r\n            \"dragThreshold\" : 5,\r\n            \"percentPosition\": true,\r\n            \"pageDots\": true,\r\n            \"rightToLeft\": false,\r\n            \"draggable\": true,\r\n            \"selectedAttraction\": 0.1,\r\n            \"parallax\" : 0,\r\n            \"friction\": 0.6        }'\r\n        >\r\n        \n\r\n  <div class=\"banner has-hover has-parallax\" id=\"banner-2107199505\">\r\n          <div class=\"banner-inner fill\">\r\n        <div class=\"banner-bg fill\" data-parallax=\"-4\" data-parallax-container=\".banner\" data-parallax-background>\r\n            <div class=\"bg fill bg-fill \"><\/div>\r\n                                    \r\n                    <\/div><!-- bg-layers -->\r\n        <div class=\"banner-layers container\">\r\n            <div class=\"fill banner-link\"><\/div>            \n   <div id=\"text-box-995263439\" class=\"text-box banner-layer x5 md-x5 lg-x5 y95 md-y50 lg-y50 res-text\">\r\n                                <div class=\"text dark\">\r\n              \r\n              <div class=\"text-inner text-left\">\r\n                  \n<h1>AS\u00cd TRABAJAMOS<\/h1>\n              <\/div>\r\n           <\/div><!-- text-box-inner -->\r\n                            \n<style scope=\"scope\">\n\n#text-box-995263439 .text-inner {\n  padding: 0px 0px 0px 0px;\n}\n#text-box-995263439 {\n  width: 90%;\n}\n#text-box-995263439 .text {\n  font-size: 100%;\n}\n\n\n@media (min-width:550px) {\n\n  #text-box-995263439 {\n    width: 56%;\n  }\n\n}\n<\/style>\n    <\/div><!-- text-box -->\r\n \n        <\/div><!-- .banner-layers -->\r\n      <\/div><!-- .banner-inner -->\r\n\r\n            \n<style scope=\"scope\">\n\n#banner-2107199505 {\n  padding-top: 400px;\n  background-color: rgb(255, 0, 0);\n}\n#banner-2107199505 .bg.bg-loaded {\n  background-image: url(https:\/\/www.identidadvisual.com\/ab\/wp-content\/uploads\/2021\/01\/cab-identidad-visual-asi-trabajamos.jpg);\n}\n#banner-2107199505 .bg {\n  background-position: 62% 60%;\n}\n<\/style>\n  <\/div><!-- .banner -->\r\n\r\n\n     <\/div>\r\n\r\n     <div class=\"loading-spin dark large centered\"><\/div>\r\n\r\n     <style scope=\"scope\">\r\n             <\/style>\r\n<\/div><!-- .ux-slider-wrapper -->\r\n\r\n\n<div class=\"row row-large align-center row-divided\"  id=\"row-148569626\">\n<div class=\"col medium-6 large-6\"  ><div class=\"col-inner\"  >\n<div class=\"gap-element\" style=\"display:block; height:auto; padding-top:30px\" class=\"clearfix\"><\/div>\n<div class=\"wpb_text_column wpb_content_element \">\n<div class=\"wpb_wrapper\">\n<h3><strong><span style=\"color: #ff6600;\">Quieres saber como trabajamos?<\/span><\/strong><\/h3>\n<\/div>\n<\/div>\n<div class=\"wpb_text_column wpb_content_element \">\n<div class=\"wpb_wrapper\">\n<p><span style=\"font-size: 140%;\"><strong>La creatividad, <\/strong>nuestro sello de Identidad<\/span><\/p>\n<\/div>\n<\/div>\n<div class=\"wpb_text_column wpb_content_element \">\n<div class=\"wpb_wrapper\">\n<p>En<strong> Identidad Visual<\/strong> estudiamos tus necesidades, planificamos estrategias y desarrollamos ideas.<\/p>\n<p>Siempre teniendo en cuenta las necesidades del cliente, dise\u00f1amos toda la imagen y le damos forma para generar marca, tener la mejor presentaci\u00f3n, publicitar cualquier campa\u00f1a con \u00e9xito o tener la mejor presencia online.<\/p>\n<\/div>\n<\/div>\n<\/div><\/div>\n<div class=\"col medium-6 large-6\"  ><div class=\"col-inner\"  >\n<div class=\"gap-element\" style=\"display:block; height:auto; padding-top:30px\" class=\"clearfix\"><\/div>\n<p><img loading=\"lazy\" class=\"alignnone size-full wp-image-188\" src=\"https:\/\/www.publiciti.es\/ab\/wp-content\/uploads\/2021\/01\/monitori.png\" alt=\"\" width=\"578\" height=\"332\" srcset=\"https:\/\/www.identidadvisual.com\/ab\/wp-content\/uploads\/2021\/01\/monitori.png 578w, https:\/\/www.identidadvisual.com\/ab\/wp-content\/uploads\/2021\/01\/monitori-300x172.png 300w\" sizes=\"(max-width: 578px) 100vw, 578px\" \/><\/p>\n<\/div><\/div>\n\n<style scope=\"scope\">\n\n<\/style>\n<\/div>\n<div class=\"row\"  id=\"row-2035301511\">\n<div class=\"col small-12 large-12\"  ><div class=\"col-inner text-left\"  >\n<div class=\"vc_row wpb_row vc_inner section vc_row-fluid grid_section\">\n<div class=\" section_inner clearfix\">\n<div class=\"section_inner_margin clearfix\">\n<div class=\"wpb_column vc_column_container vc_col-sm-12\">\n<div class=\"vc_column-inner\">\n<div class=\"wpb_wrapper\">\n<div class=\"wpb_text_column wpb_content_element \">\n<div class=\"wpb_wrapper\">\n<h3><strong><span style=\"color: #ff6600;\">Nuestro Proceso<\/span><\/strong><\/h3>\n<\/div>\n<\/div>\n<div class=\"wpb_text_column wpb_content_element \">\n<div class=\"wpb_wrapper\">\n<h2><span style=\"font-size: 140%;\">COMO DESARROLLAMOS NUESTRO TRABAJO<\/span><\/h2>\n<\/div>\n<\/div>\n<div class=\"wpb_text_column wpb_content_element \">\n<div class=\"wpb_wrapper\">\n<p>Disponemos de un equipo de trabajo altamente cualificado con mas de 20 a\u00f1os de experiencia, adem\u00e1s de la mas avanzada tecnolog\u00eda, cada proyecto por peque\u00f1o o grande que sea siempre es un reto al que nos enfrentamos con la \u00fanica finalidad de intentar obtener los mejores resultados.<\/p>\n<\/div>\n<\/div>\n<\/div>\n<\/div>\n<\/div>\n<\/div>\n<\/div>\n<\/div>\n<\/div><\/div>\n<\/div>\n<div class=\"row\"  id=\"row-491865088\">\n<div class=\"col medium-2 small-6 large-2\"  ><div class=\"col-inner\"  >\n\r\n    <div class=\"icon-box featured-box icon-box-top text-left\"  >\r\n\r\n                <div class=\"icon-box-text last-reset\">\r\n\r\n                        \r\n            \n<h3 style=\"text-align: center;\"><img loading=\"lazy\" class=\"alignnone size-full wp-image-205\" src=\"https:\/\/www.publiciti.es\/ab\/wp-content\/uploads\/2021\/01\/ICON1.png\" alt=\"\" width=\"86\" height=\"83\" \/><\/h3>\n<h3 style=\"text-align: center;\">IDEA<\/h3>\n<p style=\"text-align: center;\">Planificamos la idea y pensamos que queremos conseguir.<\/p>\n        <\/div>\r\n  <\/div><!-- .icon-box -->\r\n  \r\n  \n<\/div><\/div>\n<div class=\"col medium-2 small-6 large-2\"  ><div class=\"col-inner\"  >\n<h3 style=\"text-align: center;\"><img loading=\"lazy\" class=\"alignnone size-full wp-image-204\" src=\"https:\/\/www.publiciti.es\/ab\/wp-content\/uploads\/2021\/01\/INCON2.png\" alt=\"\" width=\"86\" height=\"83\" \/><\/h3>\n<h3 style=\"text-align: center;\">BOCETO<\/h3>\n<p style=\"text-align: center;\">Preparamos varios bocetos, desarrollando la idea.<\/p>\n<\/div><\/div>\n<div class=\"col medium-2 small-6 large-2\"  ><div class=\"col-inner\"  >\n<h3 style=\"text-align: center;\"><img loading=\"lazy\" class=\"alignnone size-full wp-image-203\" src=\"https:\/\/www.publiciti.es\/ab\/wp-content\/uploads\/2021\/01\/ICON3.png\" alt=\"\" width=\"86\" height=\"83\" \/><\/h3>\n<h3 style=\"text-align: center;\">DISE\u00d1O<\/h3>\n<p style=\"text-align: center;\">Dise\u00f1amos y generamos los Artes Finales de los bocetos elegidos.<\/p>\n<\/div><\/div>\n<div class=\"col medium-2 small-6 large-2\"  ><div class=\"col-inner\"  >\n<h3 style=\"text-align: center;\"><img loading=\"lazy\" class=\"alignnone size-full wp-image-202\" src=\"https:\/\/www.publiciti.es\/ab\/wp-content\/uploads\/2021\/01\/ICON4.png\" alt=\"\" width=\"86\" height=\"83\" \/><\/h3>\n<h3 style=\"text-align: center;\">DESARROLLO<\/h3>\n<p style=\"text-align: center;\">Desarrollamos la estrategia, la impresi\u00f3n o generaci\u00f3n del proyecto.<\/p>\n<\/div><\/div>\n<div class=\"col medium-2 small-6 large-2\"  ><div class=\"col-inner\"  >\n<h3 style=\"text-align: center;\"><img loading=\"lazy\" class=\"alignnone size-full wp-image-201\" src=\"https:\/\/www.publiciti.es\/ab\/wp-content\/uploads\/2021\/01\/ICON5.png\" alt=\"\" width=\"86\" height=\"83\" \/><\/h3>\n<h3 style=\"text-align: center;\">TEST<\/h3>\n<p style=\"text-align: center;\">Medimos y valoramos los resultados, sobre todo en Marketing Online.<\/p>\n<\/div><\/div>\n<div class=\"col medium-2 small-6 large-2\"  ><div class=\"col-inner\"  >\n<h3 style=\"text-align: center;\"><img loading=\"lazy\" class=\"alignnone size-full wp-image-200\" src=\"https:\/\/www.publiciti.es\/ab\/wp-content\/uploads\/2021\/01\/ICON6.png\" alt=\"\" width=\"86\" height=\"83\" \/><\/h3>\n<h3 style=\"text-align: center;\">CELEBRACI\u00d3N<\/h3>\n<p style=\"text-align: center;\">Valoramos y celebramos los resultados obtenidos.<\/p>\n<\/div><\/div>\n<\/div>\n  <section class=\"section dark\" id=\"section_1935128660\">\r\n      <div class=\"bg section-bg fill bg-fill  bg-loaded\" >\r\n\r\n        \r\n        \r\n        \r\n        \r\n        \r\n        \r\n\r\n      <\/div><!-- .section-bg -->\r\n\r\n      <div class=\"section-content relative\">\r\n        \n<div class=\"gap-element\" style=\"display:block; height:auto; padding-top:30px\" class=\"clearfix\"><\/div>\n<div class=\"row\"  id=\"row-1928416523\">\n<div class=\"col medium-3 small-6 large-3\"  ><div class=\"col-inner\"  >\n<div class=\"qode_column column1\">\n<div class=\"column_inner\">\n<div id=\"text-6\" class=\"widget widget_text\">\n<div class=\"textwidget\">\n<p><span style=\"color: #ff6600;\"><strong>IMPRENTA<\/strong><\/span><\/p>\n<div id=\"nav_menu-8\" class=\"widget widget_nav_menu\">\n<div class=\"menu-imprenta-container\">\n<p>Folletos, tarjetas y carteles<\/p>\n<p>Tarjetas de visita<\/p>\n<p>Revistas y Cat\u00e1logos<\/p>\n<p>Invitaciones de boda<\/p>\n<p>Cartas y Sobres<\/p>\n<p>Facturas y Talonarios<\/p>\n<p>Carpetas personalizadas<\/p>\n<p>Etiquetas personalizadas<\/p>\n<p><span style=\"color: #ff6600;\"><strong>PUBLICIDAD<\/strong><\/span><\/p>\n<div id=\"nav_menu-14\" class=\"widget widget_nav_menu\">\n<div class=\"menu-publicidad-container\">\n<p>Regalos personalizados<\/p>\n<p>Lienzo sobre bastidor<\/p>\n<p>Soportes para stand de feria<\/p>\n<p>Ferias y eventos<\/p>\n<p>Branding<\/p>\n<p>Packaging<\/p>\n<\/div>\n<\/div>\n<\/div>\n<\/div>\n<\/div>\n<\/div>\n<\/div>\n<\/div>\n<\/div><\/div>\n<div class=\"col medium-3 small-6 large-3\"  ><div class=\"col-inner\"  >\n<p><span style=\"color: #ff6600;\"><strong>R\u00d3TULOS Y VINILOS<\/strong><\/span><\/p>\n<div id=\"nav_menu-9\" class=\"widget widget_nav_menu\">\n<div class=\"menu-rotulos-vinilo-container\">\n<p>Vallas publicitarias<\/p>\n<p>R\u00f3tulos Corp\u00f3reos<\/p>\n<p>Veh\u00edculos<\/p>\n<p>Fachadas y escaparates<\/p>\n<p>Grandes formatos<\/p>\n<p>Lonas Publicitarias<\/p>\n<p>Vinilos de corte y adhesivos<\/p>\n<p>Vinilo \u00e1cido y transparente<\/p>\n<p>Vinilos para escaparates<\/p>\n<p>Roll Up<\/p>\n<p>R\u00edgidos<\/p>\n<p>Adhesivos<\/p>\n<p>Letras Corporeas<\/p>\n<p>Furgonetas<\/p>\n<p>Camiones<\/p>\n<\/div>\n<\/div>\n<\/div><\/div>\n<div class=\"col medium-3 small-6 large-3\"  ><div class=\"col-inner\"  >\n<p><span style=\"color: #ff6600;\"><strong>DISE\u00d1O GR\u00c1FICO<\/strong><\/span><\/p>\n<div id=\"nav_menu-10\" class=\"widget widget_nav_menu\">\n<div class=\"menu-diseno-grafico-container\">\n<p>Logotipos<\/p>\n<p>Tarjetas de visita<\/p>\n<p>Calendarios de empresa<\/p>\n<p>Camisetas personalizadas<\/p>\n<p>Dossier de Presentaci\u00f3n<\/p>\n<p>Cartas para restaurantes<\/p>\n<p>Carteles para inmobiliarias<\/p>\n<p>Photocalls<\/p>\n<p>Lienzos decorativos<\/p>\n<p>L\u00e1minas en cart\u00f3n pluma<\/p>\n<p>Pegatinas personalizadas<\/p>\n<p>Imagen corporativa<\/p>\n<p>Creaci\u00f3n de marca<\/p>\n<p>Dise\u00f1o etiquetas<\/p>\n<p>Dise\u00f1o publicitario<\/p>\n<\/div>\n<\/div>\n<\/div><\/div>\n<div class=\"col medium-3 small-6 large-3\"  ><div class=\"col-inner\"  >\n<div id=\"nav_menu-10\" class=\"widget widget_nav_menu\">\n<div class=\"menu-diseno-grafico-container\">\n<p><span style=\"color: #ff6600;\"><strong>MARKETING ONLINE<\/strong><\/span><\/p>\n<div id=\"nav_menu-15\" class=\"widget widget_nav_menu\">\n<div class=\"menu-marketing-online-container\">\n<p>Posicionamiento (SEO y SEM)<\/p>\n<p>Fidelizaci\u00f3n de clientes<\/p>\n<p>Redes Sociales<\/p>\n<p>Presencia Online<\/p>\n<p><span style=\"color: #ff6600;\"><strong>DISE\u00d1O WEB<\/strong><\/span><\/p>\n<div id=\"nav_menu-16\" class=\"widget widget_nav_menu\">\n<div class=\"menu-diseno-web-container\">\n<p>Web Corporativa<\/p>\n<p>Web Autogestionable<\/p>\n<p>Tienda online<\/p>\n<p>Blog<\/p>\n<p><img loading=\"lazy\" class=\"wp-image-250 aligncenter\" src=\"https:\/\/www.publiciti.es\/ab\/wp-content\/uploads\/2021\/01\/logo-identidad-visual-logo.png\" alt=\"\" width=\"216\" height=\"259\" \/><\/p>\n<\/div>\n<\/div>\n<\/div>\n<\/div>\n<\/div>\n<\/div>\n<\/div><\/div>\n<\/div>\n      <\/div><!-- .section-content -->\r\n\r\n      \n<style scope=\"scope\">\n\n#section_1935128660 {\n  padding-top: 30px;\n  padding-bottom: 30px;\n  background-color: rgb(0, 0, 0);\n}\n<\/style>\n  <\/section>\r\n  \n<div class=\"row\"  id=\"row-192868570\">\n<div class=\"col small-12 large-12\"  ><div class=\"col-inner\"  >\n<h1 style=\"text-align: center;\"><span style=\"font-size: 180%; color: #ff6600;\">\u00bfTe ayudamos?<\/span><\/h1>\n<h1 style=\"text-align: center;\"><span style=\"font-size: 180%;\">Ll\u00e1manos 967 522 152<\/span><\/h1>\n<p><img loading=\"lazy\" class=\"size-full wp-image-97 aligncenter\" src=\"https:\/\/www.publiciti.es\/ab\/wp-content\/uploads\/2021\/01\/identidad-visual-logo-Albacete.png\" alt=\"\" width=\"580\" height=\"80\" srcset=\"https:\/\/www.identidadvisual.com\/ab\/wp-content\/uploads\/2021\/01\/identidad-visual-logo-Albacete.png 580w, https:\/\/www.identidadvisual.com\/ab\/wp-content\/uploads\/2021\/01\/identidad-visual-logo-Albacete-300x41.png 300w\" sizes=\"(max-width: 580px) 100vw, 580px\" \/><\/p>\n<\/div><\/div>\n<\/div>\n","protected":false},"excerpt":{"rendered":"","protected":false},"author":1,"featured_media":0,"parent":0,"menu_order":0,"comment_status":"closed","ping_status":"closed","template":"page-blank.php","meta":[],"_links":{"self":[{"href":"https:\/\/www.identidadvisual.com\/ab\/wp-json\/wp\/v2\/pages\/28"}],"collection":[{"href":"https:\/\/www.identidadvisual.com\/ab\/wp-json\/wp\/v2\/pages"}],"about":[{"href":"https:\/\/www.identidadvisual.com\/ab\/wp-json\/wp\/v2\/types\/page"}],"author":[{"embeddable":true,"href":"https:\/\/www.identidadvisual.com\/ab\/wp-json\/wp\/v2\/users\/1"}],"replies":[{"embeddable":true,"href":"https:\/\/www.identidadvisual.com\/ab\/wp-json\/wp\/v2\/comments?post=28"}],"version-history":[{"count":47,"href":"https:\/\/www.identidadvisual.com\/ab\/wp-json\/wp\/v2\/pages\/28\/revisions"}],"predecessor-version":[{"id":473,"href":"https:\/\/www.identidadvisual.com\/ab\/wp-json\/wp\/v2\/pages\/28\/revisions\/473"}],"wp:attachment":[{"href":"https:\/\/www.identidadvisual.com\/ab\/wp-json\/wp\/v2\/media?parent=28"}],"curies":[{"name":"wp","href":"https:\/\/api.w.org\/{rel}","templated":true}]}}